{"id":364,"date":"2024-08-06T18:40:30","date_gmt":"2024-08-06T18:40:30","guid":{"rendered":"https:\/\/pidemeseguro.com\/?page_id=364"},"modified":"2025-04-10T22:53:15","modified_gmt":"2025-04-10T22:53:15","slug":"seguro-de-salud","status":"publish","type":"page","link":"https:\/\/pidemeseguro.com\/pt\/seguro-de-salud\/","title":{"rendered":"Seguro de salud"},"content":{"rendered":"\t\t<div data-elementor-type=\"wp-page\" data-elementor-id=\"364\" class=\"elementor elementor-364\">\n\t\t\t\t\t\t<section class=\"elementor-section elementor-top-section elementor-element elementor-element-24ed073 elementor-section-full_width elementor-section-height-default elementor-section-height-default\" data-id=\"24ed073\" data-element_type=\"section\" data-e-type=\"section\">\n\t\t\t\t\t\t<div class=\"elementor-container elementor-column-gap-default\">\n\t\t\t\t\t<div class=\"elementor-column elementor-col-50 elementor-top-column elementor-element elementor-element-557c183\" data-id=\"557c183\" data-element_type=\"column\" data-e-type=\"column\">\n\t\t\t<div class=\"elementor-widget-wrap elementor-element-populated\">\n\t\t\t\t\t\t<div class=\"elementor-element elementor-element-e8f5eb3 elementor-widget elementor-widget-image\" data-id=\"e8f5eb3\" data-element_type=\"widget\" data-e-type=\"widget\" data-widget_type=\"image.default\">\n\t\t\t\t<div class=\"elementor-widget-container\">\n\t\t\t\t\t\t\t\t\t\t\t\t\t\t\t<img fetchpriority=\"high\" decoding=\"async\" width=\"1720\" height=\"1080\" src=\"https:\/\/pidemeseguro.com\/wp-content\/uploads\/2024\/08\/seguro-de-salud-2.jpg\" class=\"attachment-full size-full wp-image-369\" alt=\"seguro-de-salud-2\" srcset=\"https:\/\/pidemeseguro.com\/wp-content\/uploads\/2024\/08\/seguro-de-salud-2.jpg 1720w, https:\/\/pidemeseguro.com\/wp-content\/uploads\/2024\/08\/seguro-de-salud-2-300x188.jpg 300w, https:\/\/pidemeseguro.com\/wp-content\/uploads\/2024\/08\/seguro-de-salud-2-1024x643.jpg 1024w, https:\/\/pidemeseguro.com\/wp-content\/uploads\/2024\/08\/seguro-de-salud-2-768x482.jpg 768w, https:\/\/pidemeseguro.com\/wp-content\/uploads\/2024\/08\/seguro-de-salud-2-1536x964.jpg 1536w\" sizes=\"(max-width: 1720px) 100vw, 1720px\" \/>\t\t\t\t\t\t\t\t\t\t\t\t\t\t\t<\/div>\n\t\t\t\t<\/div>\n\t\t\t\t\t<\/div>\n\t\t<\/div>\n\t\t\t\t<div class=\"elementor-column elementor-col-50 elementor-top-column elementor-element elementor-element-4527c9f\" data-id=\"4527c9f\" data-element_type=\"column\" data-e-type=\"column\">\n\t\t\t<div class=\"elementor-widget-wrap elementor-element-populated\">\n\t\t\t\t\t\t<div class=\"elementor-element elementor-element-22026b1 elementor-widget__width-initial elementor-widget elementor-widget-heading\" data-id=\"22026b1\" data-element_type=\"widget\" data-e-type=\"widget\" data-widget_type=\"heading.default\">\n\t\t\t\t<div class=\"elementor-widget-container\">\n\t\t\t\t\t<h2 class=\"elementor-heading-title elementor-size-default\">Ley de Cuidados de Salud a Bajo Precio (ACA)<\/h2>\t\t\t\t<\/div>\n\t\t\t\t<\/div>\n\t\t\t\t<div class=\"elementor-element elementor-element-6dacfa1 elementor-widget elementor-widget-text-editor\" data-id=\"6dacfa1\" data-element_type=\"widget\" data-e-type=\"widget\" data-widget_type=\"text-editor.default\">\n\t\t\t\t<div class=\"elementor-widget-container\">\n\t\t\t\t\t\t\t\t\t<p>Es el nombre de la ley de reforma de atenci\u00f3n m\u00e9dica y sus enmiendas, que abordan la cobertura, los costos y la atenci\u00f3n preventiva del seguro m\u00e9dico. A menudo se conoce como Obamacare, ya que fue promulgada en marzo de 2010 por el presidente Barack Obama.<\/p><p>Seg\u00fan la ACA, aquellos que anteriormente no ten\u00edan seguro debido a condiciones preexistentes o circunstancias financieras y aquellos que estaban asegurados en planes con primas altas o planes de beneficios limitados ahora pueden ser elegibles para planes de salud m\u00e1s asequibles con beneficios esenciales. Con esta ley, miles de personas tienen acceso a una atenci\u00f3n de salud de calidad. Los planes cubren servicios como chequeos anuales, maternidad y atenci\u00f3n para el reci\u00e9n nacido, medicinas recetadas, servicios de emergencia, salud mental, pediatr\u00eda y mucho m\u00e1s.<\/p>\t\t\t\t\t\t\t\t<\/div>\n\t\t\t\t<\/div>\n\t\t\t\t<div class=\"elementor-element elementor-element-7f182c6 elementor-mobile-align-center elementor-align-left elementor-tablet-align-center elementor-widget elementor-widget-button\" data-id=\"7f182c6\" data-element_type=\"widget\" data-e-type=\"widget\" data-widget_type=\"button.default\">\n\t\t\t\t<div class=\"elementor-widget-container\">\n\t\t\t\t\t\t\t\t\t<div class=\"elementor-button-wrapper\">\n\t\t\t\t\t<a class=\"elementor-button elementor-button-link elementor-size-sm\" href=\"#moreinfo\">\n\t\t\t\t\t\t<span class=\"elementor-button-content-wrapper\">\n\t\t\t\t\t\t\t\t\t<span class=\"elementor-button-text\">Solicita m\u00e1s informaci\u00f3n<\/span>\n\t\t\t\t\t<\/span>\n\t\t\t\t\t<\/a>\n\t\t\t\t<\/div>\n\t\t\t\t\t\t\t\t<\/div>\n\t\t\t\t<\/div>\n\t\t\t\t\t<\/div>\n\t\t<\/div>\n\t\t\t\t\t<\/div>\n\t\t<\/section>\n\t\t\t\t<section class=\"elementor-section elementor-top-section elementor-element elementor-element-05d52b1 elementor-section-full_width elementor-section-height-default elementor-section-height-default\" data-id=\"05d52b1\" data-element_type=\"section\" data-e-type=\"section\" data-settings=\"{&quot;background_background&quot;:&quot;classic&quot;}\">\n\t\t\t\t\t\t<div class=\"elementor-container elementor-column-gap-default\">\n\t\t\t\t\t<div class=\"elementor-column elementor-col-100 elementor-top-column elementor-element elementor-element-6749bfa\" data-id=\"6749bfa\" data-element_type=\"column\" data-e-type=\"column\">\n\t\t\t<div class=\"elementor-widget-wrap elementor-element-populated\">\n\t\t\t\t\t\t<div class=\"elementor-element elementor-element-4c11803 elementor-widget elementor-widget-icon-box\" data-id=\"4c11803\" data-element_type=\"widget\" data-e-type=\"widget\" data-widget_type=\"icon-box.default\">\n\t\t\t\t<div class=\"elementor-widget-container\">\n\t\t\t\t\t\t\t<div class=\"elementor-icon-box-wrapper\">\n\n\t\t\t\n\t\t\t\t\t\t<div class=\"elementor-icon-box-content\">\n\n\t\t\t\t\t\t\t\t\t<h3 class=\"elementor-icon-box-title\">\n\t\t\t\t\t\t<span  >\n\t\t\t\t\t\t\t\u00bfQui\u00e9n es elegible para los planes de ACA?\t\t\t\t\t\t<\/span>\n\t\t\t\t\t<\/h3>\n\t\t\t\t\n\t\t\t\t\t\t\t\t\t<p class=\"elementor-icon-box-description\">\n\t\t\t\t\t\t\n\t\t\t\t\t<\/p>\n\t\t\t\t\n\t\t\t<\/div>\n\t\t\t\n\t\t<\/div>\n\t\t\t\t\t\t<\/div>\n\t\t\t\t<\/div>\n\t\t\t\t<div class=\"elementor-element elementor-element-43d3db5 elementor-widget elementor-widget-text-editor\" data-id=\"43d3db5\" data-element_type=\"widget\" data-e-type=\"widget\" data-widget_type=\"text-editor.default\">\n\t\t\t\t<div class=\"elementor-widget-container\">\n\t\t\t\t\t\t\t\t\t<p>Para ser elegible para inscribirse en un plan del Mercado de Seguros M\u00e9dicos, debe:<\/p><p>\u2714 Vivir en los Estados Unidos.<\/p><p>\u2714 Ser ciudadano o naturalizado, o residente legal en los Estados Unidos.<\/p><p>\u2714 No estar encarcelado.<\/p><p>\u2714 Tener ingresos superiores al 100% del nivel federal de pobreza.<\/p>\t\t\t\t\t\t\t\t<\/div>\n\t\t\t\t<\/div>\n\t\t\t\t<div class=\"elementor-element elementor-element-88a8266 elementor-widget elementor-widget-text-editor\" data-id=\"88a8266\" data-element_type=\"widget\" data-e-type=\"widget\" data-widget_type=\"text-editor.default\">\n\t\t\t\t<div class=\"elementor-widget-container\">\n\t\t\t\t\t\t\t\t\t<p>Sin embargo, incluso si cumple con los criterios de elegibilidad anteriores, no es elegible para obtener un plan del Mercado de Seguros M\u00e9dicos si es elegible para la cobertura de Medicare o Medicaid.<\/p><p>Adem\u00e1s de los ciudadanos estadounidenses, aqu\u00ed hay algunas categor\u00edas de inmigrantes que pueden inscribirse en la cobertura que ofrece el Mercado de Seguros M\u00e9dicos:<\/p><ul class=\"bullet-check column-1x\"><li>Residentes Legales Permanentes (Lawful Permanent Resident, LPR) o Residentes Legales Temporales (Lawful Temporary Resident, LTR)<\/li><li>\u00a0Inmigrantes cubanos o haitianos<\/li><li>\u00a0Asilados y Refugiados (elegibles si se le ha otorgado autorizaci\u00f3n para empleo o es menor de 14 a\u00f1os de edad y ha tenido una solicitud pendiente por al menos 180 d\u00edas)<\/li><li>\u00a0Estatus de Protecci\u00f3n Temporal (Temporary Protected Status, TPS)<\/li><li>\u00a0Visa de trabajo o de estudiante<\/li><\/ul>\t\t\t\t\t\t\t\t<\/div>\n\t\t\t\t<\/div>\n\t\t\t\t<div class=\"elementor-element elementor-element-cd0da1c elementor-widget elementor-widget-icon-box\" data-id=\"cd0da1c\" data-element_type=\"widget\" data-e-type=\"widget\" data-widget_type=\"icon-box.default\">\n\t\t\t\t<div class=\"elementor-widget-container\">\n\t\t\t\t\t\t\t<div class=\"elementor-icon-box-wrapper\">\n\n\t\t\t\n\t\t\t\t\t\t<div class=\"elementor-icon-box-content\">\n\n\t\t\t\t\t\t\t\t\t<h3 class=\"elementor-icon-box-title\">\n\t\t\t\t\t\t<span  >\n\t\t\t\t\t\t\tBeneficios Principales\t\t\t\t\t\t<\/span>\n\t\t\t\t\t<\/h3>\n\t\t\t\t\n\t\t\t\t\t\t\t\t\t<p class=\"elementor-icon-box-description\">\n\t\t\t\t\t\t\n\t\t\t\t\t<\/p>\n\t\t\t\t\n\t\t\t<\/div>\n\t\t\t\n\t\t<\/div>\n\t\t\t\t\t\t<\/div>\n\t\t\t\t<\/div>\n\t\t\t\t<div class=\"elementor-element elementor-element-a14a812 elementor-icon-list--layout-inline elementor-align-start elementor-list-item-link-full_width elementor-widget elementor-widget-icon-list\" data-id=\"a14a812\" data-element_type=\"widget\" data-e-type=\"widget\" data-widget_type=\"icon-list.default\">\n\t\t\t\t<div class=\"elementor-widget-container\">\n\t\t\t\t\t\t\t<ul class=\"elementor-icon-list-items elementor-inline-items\">\n\t\t\t\t\t\t\t<li class=\"elementor-icon-list-item elementor-inline-item\">\n\t\t\t\t\t\t\t\t\t\t\t<span class=\"elementor-icon-list-icon\">\n\t\t\t\t\t\t\t<i aria-hidden=\"true\" class=\"fas fa-check-circle\"><\/i>\t\t\t\t\t\t<\/span>\n\t\t\t\t\t\t\t\t\t\t<span class=\"elementor-icon-list-text\">Cuidados preventivos y control de enfermedades cr\u00f3nicas.<\/span>\n\t\t\t\t\t\t\t\t\t<\/li>\n\t\t\t\t\t\t\t\t<li class=\"elementor-icon-list-item elementor-inline-item\">\n\t\t\t\t\t\t\t\t\t\t\t<span class=\"elementor-icon-list-icon\">\n\t\t\t\t\t\t\t<i aria-hidden=\"true\" class=\"fas fa-check-circle\"><\/i>\t\t\t\t\t\t<\/span>\n\t\t\t\t\t\t\t\t\t\t<span class=\"elementor-icon-list-text\">Atenci\u00f3n Hospitalaria.<\/span>\n\t\t\t\t\t\t\t\t\t<\/li>\n\t\t\t\t\t\t\t\t<li class=\"elementor-icon-list-item elementor-inline-item\">\n\t\t\t\t\t\t\t\t\t\t\t<span class=\"elementor-icon-list-icon\">\n\t\t\t\t\t\t\t<i aria-hidden=\"true\" class=\"fas fa-check-circle\"><\/i>\t\t\t\t\t\t<\/span>\n\t\t\t\t\t\t\t\t\t\t<span class=\"elementor-icon-list-text\">Pruebas de laboratorio.<\/span>\n\t\t\t\t\t\t\t\t\t<\/li>\n\t\t\t\t\t\t\t\t<li class=\"elementor-icon-list-item elementor-inline-item\">\n\t\t\t\t\t\t\t\t\t\t\t<span class=\"elementor-icon-list-icon\">\n\t\t\t\t\t\t\t<i aria-hidden=\"true\" class=\"fas fa-check-circle\"><\/i>\t\t\t\t\t\t<\/span>\n\t\t\t\t\t\t\t\t\t\t<span class=\"elementor-icon-list-text\">Medicamentos con receta.<\/span>\n\t\t\t\t\t\t\t\t\t<\/li>\n\t\t\t\t\t\t\t\t<li class=\"elementor-icon-list-item elementor-inline-item\">\n\t\t\t\t\t\t\t\t\t\t\t<span class=\"elementor-icon-list-icon\">\n\t\t\t\t\t\t\t<i aria-hidden=\"true\" class=\"fas fa-check-circle\"><\/i>\t\t\t\t\t\t<\/span>\n\t\t\t\t\t\t\t\t\t\t<span class=\"elementor-icon-list-text\">Servicios de sala de emergencias.<\/span>\n\t\t\t\t\t\t\t\t\t<\/li>\n\t\t\t\t\t\t\t\t<li class=\"elementor-icon-list-item elementor-inline-item\">\n\t\t\t\t\t\t\t\t\t\t\t<span class=\"elementor-icon-list-icon\">\n\t\t\t\t\t\t\t<i aria-hidden=\"true\" class=\"fas fa-check-circle\"><\/i>\t\t\t\t\t\t<\/span>\n\t\t\t\t\t\t\t\t\t\t<span class=\"elementor-icon-list-text\">Procedimientos quir\u00fargicos. (Cirug\u00edas)<\/span>\n\t\t\t\t\t\t\t\t\t<\/li>\n\t\t\t\t\t\t<\/ul>\n\t\t\t\t\t\t<\/div>\n\t\t\t\t<\/div>\n\t\t\t\t\t<\/div>\n\t\t<\/div>\n\t\t\t\t\t<\/div>\n\t\t<\/section>\n\t\t\t\t<section class=\"elementor-section elementor-top-section elementor-element elementor-element-d83c606 elementor-section-full_width elementor-section-content-middle elementor-section-height-default elementor-section-height-default\" data-id=\"d83c606\" data-element_type=\"section\" data-e-type=\"section\" data-settings=\"{&quot;background_background&quot;:&quot;slideshow&quot;,&quot;background_slideshow_gallery&quot;:[{&quot;id&quot;:349,&quot;url&quot;:&quot;https:\\\/\\\/pidemeseguro.com\\\/wp-content\\\/uploads\\\/2024\\\/08\\\/fondo-contacto.jpg&quot;}],&quot;background_slideshow_loop&quot;:&quot;yes&quot;,&quot;background_slideshow_slide_duration&quot;:5000,&quot;background_slideshow_slide_transition&quot;:&quot;fade&quot;,&quot;background_slideshow_transition_duration&quot;:500}\">\n\t\t\t\t\t\t\t<div class=\"elementor-background-overlay\"><\/div>\n\t\t\t\t\t\t\t<div class=\"elementor-container elementor-column-gap-no\">\n\t\t\t\t\t<div class=\"elementor-column elementor-col-100 elementor-top-column elementor-element elementor-element-6615c94\" data-id=\"6615c94\" data-element_type=\"column\" data-e-type=\"column\">\n\t\t\t<div class=\"elementor-widget-wrap elementor-element-populated\">\n\t\t\t\t\t\t<div class=\"elementor-element elementor-element-1ab8d74 elementor-widget elementor-widget-heading\" data-id=\"1ab8d74\" data-element_type=\"widget\" data-e-type=\"widget\" data-widget_type=\"heading.default\">\n\t\t\t\t<div class=\"elementor-widget-container\">\n\t\t\t\t\t<h3 class=\"elementor-heading-title elementor-size-default\">\u00bfCuando puedo inscribirme?<\/h3>\t\t\t\t<\/div>\n\t\t\t\t<\/div>\n\t\t\t\t<div class=\"elementor-element elementor-element-581ade3 elementor-widget elementor-widget-text-editor\" data-id=\"581ade3\" data-element_type=\"widget\" data-e-type=\"widget\" data-widget_type=\"text-editor.default\">\n\t\t\t\t<div class=\"elementor-widget-container\">\n\t\t\t\t\t\t\t\t\t<div><p>Te puedes inscribir en un seguro de salud a bajo costo <strong>TODO EL A\u00d1O<\/strong>, sin embargo, los requisitos var\u00edan de acuerdo al periodo de inscripci\u00f3n. Durante el\u00a0<strong>Periodo de Inscripci\u00f3n Abierta que empieza el 1 de Noviembre y termina el 15 de Enero<\/strong>,\u00a0<strong>puedes inscribirte y hacer cualquier cambio en tu p\u00f3liza sin ninguna restricci\u00f3n<\/strong>.<\/p><p>Por otro lado, todo el resto del a\u00f1o se considera el\u00a0<strong>Periodo de Inscripci\u00f3n Especial donde puedes inscribirte o hacer cambios en tu p\u00f3liza\u00a0<\/strong>en las siguientes situaciones:\u00a0<\/p><\/div><ul><li>Aplicaste para tu residencia permanente y recibiste la forma I-797 (Notice of Action).<\/li><li>Recibiste tu permiso de trabajo o tu Green Card.<\/li><li>Cambiaste de residencia.<\/li><li>Tuviste cambios en el tama\u00f1o de tu hogar. (matrimonio, divorcio, tuviste un hijo, adoptaste un ni\u00f1o o tienes m\u00e1s dependientes econ\u00f3micos).<\/li><li>Si por alguna situaci\u00f3n perdiste la cobertura m\u00e9dica que ten\u00edas.<\/li><\/ul>\t\t\t\t\t\t\t\t<\/div>\n\t\t\t\t<\/div>\n\t\t\t\t<div class=\"elementor-element elementor-element-a40299a elementor-mobile-align-center elementor-align-center elementor-widget elementor-widget-button\" data-id=\"a40299a\" data-element_type=\"widget\" data-e-type=\"widget\" data-widget_type=\"button.default\">\n\t\t\t\t<div class=\"elementor-widget-container\">\n\t\t\t\t\t\t\t\t\t<div class=\"elementor-button-wrapper\">\n\t\t\t\t\t<a class=\"elementor-button elementor-button-link elementor-size-sm\" href=\"#moreinfo\">\n\t\t\t\t\t\t<span class=\"elementor-button-content-wrapper\">\n\t\t\t\t\t\t\t\t\t<span class=\"elementor-button-text\">Solicita m\u00e1s informaci\u00f3n<\/span>\n\t\t\t\t\t<\/span>\n\t\t\t\t\t<\/a>\n\t\t\t\t<\/div>\n\t\t\t\t\t\t\t\t<\/div>\n\t\t\t\t<\/div>\n\t\t\t\t\t<\/div>\n\t\t<\/div>\n\t\t\t\t\t<\/div>\n\t\t<\/section>\n\t\t\t\t<section class=\"elementor-section elementor-top-section elementor-element elementor-element-1fa6094 elementor-section-full_width elementor-section-height-default elementor-section-height-default\" data-id=\"1fa6094\" data-element_type=\"section\" data-e-type=\"section\">\n\t\t\t\t\t\t<div class=\"elementor-container elementor-column-gap-default\">\n\t\t\t\t\t<div class=\"elementor-column elementor-col-100 elementor-top-column elementor-element elementor-element-3655ee6\" data-id=\"3655ee6\" data-element_type=\"column\" data-e-type=\"column\">\n\t\t\t<div class=\"elementor-widget-wrap elementor-element-populated\">\n\t\t\t\t\t\t<div class=\"elementor-element elementor-element-ccc4f5c elementor-widget elementor-widget-image\" data-id=\"ccc4f5c\" data-element_type=\"widget\" data-e-type=\"widget\" data-widget_type=\"image.default\">\n\t\t\t\t<div class=\"elementor-widget-container\">\n\t\t\t\t\t\t\t\t\t\t\t\t\t\t\t<img decoding=\"async\" width=\"800\" height=\"800\" src=\"https:\/\/pidemeseguro.com\/wp-content\/uploads\/2024\/08\/recuerda-beneficios-seguro-de-vida-1024x1024.jpg\" class=\"attachment-large size-large wp-image-360\" alt=\"recuerda-beneficios-seguro-de-vida\" srcset=\"https:\/\/pidemeseguro.com\/wp-content\/uploads\/2024\/08\/recuerda-beneficios-seguro-de-vida-1024x1024.jpg 1024w, https:\/\/pidemeseguro.com\/wp-content\/uploads\/2024\/08\/recuerda-beneficios-seguro-de-vida-300x300.jpg 300w, https:\/\/pidemeseguro.com\/wp-content\/uploads\/2024\/08\/recuerda-beneficios-seguro-de-vida-150x150.jpg 150w, https:\/\/pidemeseguro.com\/wp-content\/uploads\/2024\/08\/recuerda-beneficios-seguro-de-vida-768x768.jpg 768w, https:\/\/pidemeseguro.com\/wp-content\/uploads\/2024\/08\/recuerda-beneficios-seguro-de-vida.jpg 1080w\" sizes=\"(max-width: 800px) 100vw, 800px\" \/>\t\t\t\t\t\t\t\t\t\t\t\t\t\t\t<\/div>\n\t\t\t\t<\/div>\n\t\t\t\t<div class=\"elementor-element elementor-element-665a0f3 elementor-widget elementor-widget-heading\" data-id=\"665a0f3\" data-element_type=\"widget\" data-e-type=\"widget\" data-widget_type=\"heading.default\">\n\t\t\t\t<div class=\"elementor-widget-container\">\n\t\t\t\t\t<h3 class=\"elementor-heading-title elementor-size-default\">\u00a1Importante!<\/h3>\t\t\t\t<\/div>\n\t\t\t\t<\/div>\n\t\t\t\t<div class=\"elementor-element elementor-element-d459e8f elementor-widget elementor-widget-text-editor\" data-id=\"d459e8f\" data-element_type=\"widget\" data-e-type=\"widget\" data-widget_type=\"text-editor.default\">\n\t\t\t\t<div class=\"elementor-widget-container\">\n\t\t\t\t\t\t\t\t\t<p>La ayuda financiera que recibes al contratar tu Seguro de Salud a bajo costo no te hace una carga p\u00fablica por lo que <strong>NO TE AFECTAR\u00c1<\/strong> EN EL PROCESO DE APLICACI\u00d3N PARA LA CUIDADAN\u00cdA AMERICANA.<\/p>\t\t\t\t\t\t\t\t<\/div>\n\t\t\t\t<\/div>\n\t\t\t\t\t<\/div>\n\t\t<\/div>\n\t\t\t\t\t<\/div>\n\t\t<\/section>\n\t\t\t\t<section class=\"elementor-section elementor-top-section elementor-element elementor-element-c53fc82 elementor-section-content-middle elementor-reverse-tablet elementor-reverse-mobile elementor-section-boxed elementor-section-height-default elementor-section-height-default\" data-id=\"c53fc82\" data-element_type=\"section\" data-e-type=\"section\" id=\"moreinfo\" data-settings=\"{&quot;background_background&quot;:&quot;slideshow&quot;,&quot;background_slideshow_gallery&quot;:[{&quot;id&quot;:266,&quot;url&quot;:&quot;https:\\\/\\\/pidemeseguro.com\\\/wp-content\\\/uploads\\\/2024\\\/07\\\/contactanos.jpg&quot;}],&quot;background_slideshow_loop&quot;:&quot;yes&quot;,&quot;background_slideshow_slide_duration&quot;:5000,&quot;background_slideshow_slide_transition&quot;:&quot;fade&quot;,&quot;background_slideshow_transition_duration&quot;:500}\">\n\t\t\t\t\t\t\t<div class=\"elementor-background-overlay\"><\/div>\n\t\t\t\t\t\t\t<div class=\"elementor-container elementor-column-gap-no\">\n\t\t\t\t\t<div class=\"elementor-column elementor-col-100 elementor-top-column elementor-element elementor-element-bdba58f\" data-id=\"bdba58f\" data-element_type=\"column\" data-e-type=\"column\">\n\t\t\t<div class=\"elementor-widget-wrap elementor-element-populated\">\n\t\t\t\t\t\t<div class=\"elementor-element elementor-element-2292f0b elementor-widget elementor-widget-heading\" data-id=\"2292f0b\" data-element_type=\"widget\" data-e-type=\"widget\" data-widget_type=\"heading.default\">\n\t\t\t\t<div class=\"elementor-widget-container\">\n\t\t\t\t\t<h3 class=\"elementor-heading-title elementor-size-default\">Solicita m\u00e1s informaci\u00f3n<\/h3>\t\t\t\t<\/div>\n\t\t\t\t<\/div>\n\t\t\t\t<div class=\"elementor-element elementor-element-cf5730a elementor-widget elementor-widget-text-editor\" data-id=\"cf5730a\" data-element_type=\"widget\" data-e-type=\"widget\" data-widget_type=\"text-editor.default\">\n\t\t\t\t<div class=\"elementor-widget-container\">\n\t\t\t\t\t\t\t\t\t<p>Queremos brindarte <strong>una excelente comunicaci\u00f3n<\/strong> para que juntos <strong>podamos encontrar<\/strong> la protecci\u00f3n y seguridad que est\u00e1s buscando.<\/p>\t\t\t\t\t\t\t\t<\/div>\n\t\t\t\t<\/div>\n\t\t\t\t<div class=\"elementor-element elementor-element-85dcaad elementor-button-align-stretch elementor-widget elementor-widget-form\" data-id=\"85dcaad\" data-element_type=\"widget\" data-e-type=\"widget\" data-settings=\"{&quot;step_next_label&quot;:&quot;Next&quot;,&quot;step_previous_label&quot;:&quot;Previous&quot;,&quot;button_width&quot;:&quot;100&quot;,&quot;step_type&quot;:&quot;number_text&quot;,&quot;step_icon_shape&quot;:&quot;circle&quot;}\" data-widget_type=\"form.default\">\n\t\t\t\t<div class=\"elementor-widget-container\">\n\t\t\t\t\t\t\t<form class=\"elementor-form\" method=\"post\" name=\"New Form\">\n\t\t\t<input type=\"hidden\" name=\"post_id\" value=\"364\"\/>\n\t\t\t<input type=\"hidden\" name=\"form_id\" value=\"85dcaad\"\/>\n\t\t\t<input type=\"hidden\" name=\"referer_title\" value=\"\" \/>\n\n\t\t\t\n\t\t\t<div class=\"elementor-form-fields-wrapper elementor-labels-above\">\n\t\t\t\t\t\t\t\t<div class=\"elementor-field-type-text elementor-field-group elementor-column elementor-field-group-name elementor-col-50\">\n\t\t\t\t\t\t\t\t\t\t\t\t<label for=\"form-field-name\" class=\"elementor-field-label\">\n\t\t\t\t\t\t\t\tNombre y Apellido\t\t\t\t\t\t\t<\/label>\n\t\t\t\t\t\t\t\t\t\t\t\t\t\t<input size=\"1\" type=\"text\" name=\"form_fields[name]\" id=\"form-field-name\" class=\"elementor-field elementor-size-sm  elementor-field-textual\" placeholder=\"Nombre y Apellido\">\n\t\t\t\t\t\t\t\t\t\t\t<\/div>\n\t\t\t\t\t\t\t\t<div class=\"elementor-field-type-text elementor-field-group elementor-column elementor-field-group-field_bb37671 elementor-col-50\">\n\t\t\t\t\t\t\t\t\t\t\t\t<label for=\"form-field-field_bb37671\" class=\"elementor-field-label\">\n\t\t\t\t\t\t\t\tTel\u00e9fono\t\t\t\t\t\t\t<\/label>\n\t\t\t\t\t\t\t\t\t\t\t\t\t\t<input size=\"1\" type=\"text\" name=\"form_fields[field_bb37671]\" id=\"form-field-field_bb37671\" class=\"elementor-field elementor-size-sm  elementor-field-textual\" placeholder=\"Tel\u00e9fono\">\n\t\t\t\t\t\t\t\t\t\t\t<\/div>\n\t\t\t\t\t\t\t\t<div class=\"elementor-field-type-email elementor-field-group elementor-column elementor-field-group-email elementor-col-50 elementor-field-required\">\n\t\t\t\t\t\t\t\t\t\t\t\t<label for=\"form-field-email\" class=\"elementor-field-label\">\n\t\t\t\t\t\t\t\tEmail\t\t\t\t\t\t\t<\/label>\n\t\t\t\t\t\t\t\t\t\t\t\t\t\t<input size=\"1\" type=\"email\" name=\"form_fields[email]\" id=\"form-field-email\" class=\"elementor-field elementor-size-sm  elementor-field-textual\" placeholder=\"Email\" required=\"required\" aria-required=\"true\">\n\t\t\t\t\t\t\t\t\t\t\t<\/div>\n\t\t\t\t\t\t\t\t<div class=\"elementor-field-type-select elementor-field-group elementor-column elementor-field-group-field_9d56509 elementor-col-50\">\n\t\t\t\t\t\t\t\t\t\t\t\t<label for=\"form-field-field_9d56509\" class=\"elementor-field-label\">\n\t\t\t\t\t\t\t\t\u00bfQu\u00e9 p\u00f3liza te interesa?\t\t\t\t\t\t\t<\/label>\n\t\t\t\t\t\t\t\t<div class=\"elementor-field elementor-select-wrapper \">\n\t\t\t<select name=\"form_fields[field_9d56509]\" id=\"form-field-field_9d56509\" class=\"elementor-field-textual elementor-size-sm\">\n\t\t\t\t\t\t\t\t\t<option value=\"Salud\" selected=\"selected\">Salud<\/option>\n\t\t\t\t\t\t\t\t\t<option value=\"Vida\">Vida<\/option>\n\t\t\t\t\t\t\t\t\t<option value=\"Auto\">Auto<\/option>\n\t\t\t\t\t\t\t\t\t<option value=\"Gastos finales\">Gastos finales<\/option>\n\t\t\t\t\t\t\t\t\t<option value=\"Propiedades\">Propiedades<\/option>\n\t\t\t\t\t\t\t\t\t<option value=\"Complementarios\">Complementarios<\/option>\n\t\t\t\t\t\t\t\t\t<option value=\"Hospitalizaci\u00f3n y accidentes\">Hospitalizaci\u00f3n y accidentes<\/option>\n\t\t\t\t\t\t\t\t\t<option value=\"Dental, visi\u00f3n y audici\u00f3n\">Dental, visi\u00f3n y audici\u00f3n<\/option>\n\t\t\t\t\t\t\t<\/select>\n\t\t<\/div>\n\t\t\t\t\t\t<\/div>\n\t\t\t\t\t\t\t\t<div class=\"elementor-field-type-textarea elementor-field-group elementor-column elementor-field-group-message elementor-col-100\">\n\t\t\t\t\t\t\t\t\t\t\t\t<label for=\"form-field-message\" class=\"elementor-field-label\">\n\t\t\t\t\t\t\t\tM\u00e1s informaci\u00f3n\t\t\t\t\t\t\t<\/label>\n\t\t\t\t\t\t<textarea class=\"elementor-field-textual elementor-field  elementor-size-sm\" name=\"form_fields[message]\" id=\"form-field-message\" rows=\"6\" placeholder=\"M\u00e1s informaci\u00f3n\"><\/textarea>\t\t\t\t<\/div>\n\t\t\t\t\t\t\t\t<div class=\"elementor-field-group elementor-column elementor-field-type-submit elementor-col-100 e-form__buttons\">\n\t\t\t\t\t<button type=\"submit\" class=\"elementor-button elementor-size-sm\">\n\t\t\t\t\t\t<span >\n\t\t\t\t\t\t\t\t\t\t\t\t\t\t\t<span class=\" elementor-button-icon\">\n\t\t\t\t\t\t\t\t\t\t\t\t\t\t\t\t\t\t\t\t\t\t\t\t\t\t<\/span>\n\t\t\t\t\t\t\t\t\t\t\t\t\t\t\t\t\t\t\t\t\t\t<span class=\"elementor-button-text\">Enviar mensaje<\/span>\n\t\t\t\t\t\t\t\t\t\t\t\t\t<\/span>\n\t\t\t\t\t<\/button>\n\t\t\t\t<\/div>\n\t\t\t<\/div>\n\t\t<\/form>\n\t\t\t\t\t\t<\/div>\n\t\t\t\t<\/div>\n\t\t\t\t\t<\/div>\n\t\t<\/div>\n\t\t\t\t\t<\/div>\n\t\t<\/section>\n\t\t\t\t<\/div>\n\t\t","protected":false},"excerpt":{"rendered":"<p>Ley de Cuidados de Salud a Bajo Precio (ACA) Es el nombre de la ley de reforma de atenci\u00f3n m\u00e9dica y sus enmiendas, que abordan la cobertura, los costos y la atenci\u00f3n preventiva del seguro m\u00e9dico. A menudo se conoce como Obamacare, ya que fue promulgada en marzo de 2010 por el presidente Barack Obama. [&hellip;]<\/p>\n","protected":false},"author":2,"featured_media":0,"parent":0,"menu_order":0,"comment_status":"closed","ping_status":"closed","template":"","meta":{"_coblocks_attr":"","_coblocks_dimensions":"","_coblocks_responsive_height":"","_coblocks_accordion_ie_support":"","footnotes":""},"class_list":["post-364","page","type-page","status-publish","hentry"],"_links":{"self":[{"href":"https:\/\/pidemeseguro.com\/pt\/wp-json\/wp\/v2\/pages\/364","targetHints":{"allow":["GET"]}}],"collection":[{"href":"https:\/\/pidemeseguro.com\/pt\/wp-json\/wp\/v2\/pages"}],"about":[{"href":"https:\/\/pidemeseguro.com\/pt\/wp-json\/wp\/v2\/types\/page"}],"author":[{"embeddable":true,"href":"https:\/\/pidemeseguro.com\/pt\/wp-json\/wp\/v2\/users\/2"}],"replies":[{"embeddable":true,"href":"https:\/\/pidemeseguro.com\/pt\/wp-json\/wp\/v2\/comments?post=364"}],"version-history":[{"count":46,"href":"https:\/\/pidemeseguro.com\/pt\/wp-json\/wp\/v2\/pages\/364\/revisions"}],"predecessor-version":[{"id":618,"href":"https:\/\/pidemeseguro.com\/pt\/wp-json\/wp\/v2\/pages\/364\/revisions\/618"}],"wp:attachment":[{"href":"https:\/\/pidemeseguro.com\/pt\/wp-json\/wp\/v2\/media?parent=364"}],"curies":[{"name":"wp","href":"https:\/\/api.w.org\/{rel}","templated":true}]}}